{"id":22348,"date":"2025-12-23T15:26:29","date_gmt":"2025-12-23T12:26:29","guid":{"rendered":"https:\/\/korellofficial.com\/privacy-policy\/"},"modified":"2026-01-08T12:49:18","modified_gmt":"2026-01-08T09:49:18","slug":"privacy-policy","status":"publish","type":"page","link":"https:\/\/korellofficial.com\/en\/privacy-policy\/","title":{"rendered":"Privacy Policy"},"content":{"rendered":"\t\t<div data-elementor-type=\"wp-page\" data-elementor-id=\"22348\" class=\"elementor elementor-22348\">\n\t\t\t\t<div class=\"elementor-element elementor-element-e210863 e-flex e-con-boxed e-con e-parent\" data-id=\"e210863\" data-element_type=\"container\" data-e-type=\"container\">\n\t\t\t\t\t<div class=\"e-con-inner\">\n\t\t\t\t<div class=\"elementor-element elementor-element-14c7099f elementor-widget elementor-widget-text-editor\" data-id=\"14c7099f\" data-element_type=\"widget\" data-e-type=\"widget\" data-widget_type=\"text-editor.default\">\n\t\t\t\t\t\t\t\t\t\n<p style=\"text-align: left;\"><strong>G\u0130ZL\u0130L\u0130K VE K\u0130\u015e\u0130SEL VER\u0130LER\u0130N<\/strong> <strong>KORUNMASI POL\u0130T\u0130KASI<\/strong><\/p>\n\n<p style=\"text-align: left;\"><strong>Y\u00fcr\u00fcrl\u00fck Tarihi:<\/strong> 01.06.2025<\/p>\n\n<p style=\"text-align: left;\">Bu Gizlilik ve Ki\u015fisel Verilerin Korunmas\u0131 Politikas\u0131 (\u201cPolitika\u201d),<\/p>\n\n<p style=\"text-align: left;\"><strong>Erenk\u00f6y Mah. Hamam Sok. Bur\u00e7 Apartman\u0131 No:31 \u0130\u00e7 Kap\u0131 No:23 Kad\u0131k\u00f6y \/ \u0130stanbul<\/strong><\/p>\n\n<p style=\"text-align: left;\">adresinde mukim <strong>MEHMET DELEN<\/strong> (\u201cVeri Sorumlusu\u201d) taraf\u0131ndan i\u015fletilen internet sitesi ve t\u00fcm dijital platformlar kapsam\u0131nda haz\u0131rlanm\u0131\u015ft\u0131r.<\/p>\n\n<p style=\"text-align: left;\">Bu Politika, kullan\u0131c\u0131lar\u0131n ve m\u00fc\u015fterilerin ki\u015fisel verilerinin i\u015flenmesine ili\u015fkin esaslar\u0131 a\u00e7\u0131klamak amac\u0131yla d\u00fczenlenmi\u015ftir.<\/p>\n\n<p style=\"text-align: left;\">Veri Sorumlusu, 6698 say\u0131l\u0131 <strong>Ki\u015fisel Verilerin Korunmas\u0131 Kanunu (\u201cKVKK\u201d)<\/strong> ba\u015fta olmak \u00fczere ilgili mevzuata uygun hareket etmeyi, ki\u015fisel verilerin gizlili\u011fini ve g\u00fcvenli\u011fini korumay\u0131 taahh\u00fct eder.<\/p>\n\n<p style=\"text-align: left;\"><strong>1. \u0130\u015eLENEN K\u0130\u015e\u0130SEL VER\u0130LER<\/strong><\/p>\n\n<p style=\"text-align: left;\">Veri Sorumlusu taraf\u0131ndan a\u015fa\u011f\u0131daki ki\u015fisel veriler i\u015flenebilmektedir:<\/p>\n\n<p style=\"text-align: left;\">&#8211; Kimlik bilgileri (ad, soyad)<\/p>\n\n<p style=\"text-align: left;\">&#8211; \u0130leti\u015fim bilgileri (telefon numaras\u0131, e-posta adresi, teslimat ve fatura adresi)<\/p>\n\n<p style=\"text-align: left;\">&#8211; M\u00fc\u015fteri i\u015flem bilgileri (sipari\u015f, fatura, \u00f6deme ve teslimat bilgileri)<\/p>\n\n<p style=\"text-align: left;\">&#8211; \u0130\u015flem g\u00fcvenli\u011fi bilgileri (IP adresi, log kay\u0131tlar\u0131)<\/p>\n\n<p style=\"text-align: left;\">&#8211; Pazarlama bilgileri (tercihler, kampanya kat\u0131l\u0131mlar\u0131)<\/p>\n\n<p style=\"text-align: left;\">&#8211; \u00c7erez (cookie) verileri<\/p>\n\n<p style=\"text-align: left;\"><strong>2. K\u0130\u015e\u0130SEL VER\u0130LER\u0130N TOPLANMA Y\u00d6NTEM\u0130 VE <\/strong><strong>HUKUK\u0130 SEBEPLER\u0130<\/strong><\/p>\n\n<p style=\"text-align: left;\">Ki\u015fisel verileriniz;<\/p>\n\n<p style=\"text-align: left;\">&#8211; \u0130nternet sitesi \u00fcyelik ve sipari\u015f formlar\u0131,<\/p>\n\n<p style=\"text-align: left;\">&#8211; Elektronik ileti\u015fim kanallar\u0131 (e-posta, ileti\u015fim formlar\u0131),<\/p>\n\n<p style=\"text-align: left;\">&#8211; \u00c7erezler ve benzeri teknolojiler arac\u0131l\u0131\u011f\u0131yla <strong>otomatik veya k\u0131smen otomatik<\/strong> yollarla toplanmaktad\u0131r.Ki\u015fisel verileriniz, KVKK\u2019n\u0131n 5. ve 6. maddeleri uyar\u0131nca;<\/p>\n\n<p style=\"text-align: left;\">&#8211; Bir s\u00f6zle\u015fmenin kurulmas\u0131 veya ifas\u0131,<\/p>\n\n<p style=\"text-align: left;\">&#8211; Hukuki y\u00fck\u00fcml\u00fcl\u00fcklerin yerine getirilmesi,<\/p>\n\n<p style=\"text-align: left;\">&#8211; Veri Sorumlusu\u2019nun me\u015fru menfaatlerinin korunmas\u0131,<\/p>\n\n<p style=\"text-align: left;\">&#8211; A\u00e7\u0131k r\u0131zan\u0131z\u0131n bulunmas\u0131<\/p>\n\n<p style=\"text-align: left;\">hukuki sebeplerine dayan\u0131larak i\u015flenmektedir.<\/p>\n\n<p style=\"text-align: left;\"><strong>3. K\u0130\u015e\u0130SEL VER\u0130LER\u0130N \u0130\u015eLENME AMA\u00c7LARI<\/strong><\/p>\n\n<p style=\"text-align: left;\">Toplanan ki\u015fisel verileriniz;<\/p>\n\n<p style=\"text-align: left;\">&#8211; Sipari\u015f s\u00fcre\u00e7lerinin y\u00fcr\u00fct\u00fclmesi,<\/p>\n\n<p style=\"text-align: left;\">&#8211; \u00dcr\u00fcn ve hizmetlerin sunulmas\u0131,<\/p>\n\n<p style=\"text-align: left;\">&#8211; \u00d6deme ve teslimat i\u015flemlerinin ger\u00e7ekle\u015ftirilmesi,<\/p>\n\n<p style=\"text-align: left;\">&#8211; M\u00fc\u015fteri ili\u015fkileri ve destek hizmetlerinin sa\u011flanmas\u0131,<\/p>\n\n<p style=\"text-align: left;\">&#8211; Kampanya, duyuru ve pazarlama faaliyetlerinin y\u00fcr\u00fct\u00fclmesi (a\u00e7\u0131k r\u0131za verilmesi halinde),<\/p>\n\n<p style=\"text-align: left;\">&#8211; Hukuki y\u00fck\u00fcml\u00fcl\u00fcklerin yerine getirilmesi,<\/p>\n\n<p style=\"text-align: left;\">&#8211; Bilgi g\u00fcvenli\u011finin sa\u011flanmas\u0131 ama\u00e7lar\u0131yla i\u015flenmektedir.<\/p>\n\n<p style=\"text-align: left;\"><strong>4. K\u0130\u015e\u0130SEL VER\u0130LER\u0130N AKTARILMASI<\/strong><\/p>\n\n<p style=\"text-align: left;\">Ki\u015fisel verileriniz;<\/p>\n\n<p style=\"text-align: left;\">&#8211; \u00d6deme hizmeti sa\u011flay\u0131c\u0131lar\u0131,<\/p>\n\n<p style=\"text-align: left;\">&#8211; Kargo ve lojistik firmalar\u0131,<\/p>\n\n<p style=\"text-align: left;\">&#8211; Yetkili kamu kurum ve kurulu\u015flar\u0131 ile <strong>yaln\u0131zca gerekli oldu\u011fu \u00f6l\u00e7\u00fcde<\/strong>, <strong>hukuka ve mevzuata uygun olarak<\/strong> payla\u015f\u0131labilir.<\/p>\n\n<p style=\"text-align: left;\">Ki\u015fisel verileriniz, <strong>a\u00e7\u0131k r\u0131zan\u0131z olmaks\u0131z\u0131n<\/strong> \u00fc\u00e7\u00fcnc\u00fc ki\u015filere <strong>pazarlama amac\u0131yla aktar\u0131lmaz<\/strong>.<\/p>\n\n<p style=\"text-align: left;\"><strong>5. K\u0130\u015e\u0130SEL VER\u0130LER\u0130N SAKLANMA S\u00dcRES\u0130<\/strong><\/p>\n\n<p style=\"text-align: left;\">Ki\u015fisel verileriniz;<\/p>\n<p style=\"text-align: left;\">&#8211; \u0130lgili mevzuatta \u00f6ng\u00f6r\u00fclen s\u00fcreler boyunca,<\/p>\n\n<p style=\"text-align: left;\">&#8211; \u0130\u015fleme amac\u0131n\u0131n gerektirdi\u011fi s\u00fcre kadar saklanmakta; bu s\u00fcrenin sona ermesi halinde KVKK ve ilgili mevzuata uygun olarak <strong>silinmekte, <\/strong><strong>yok edilmekte veya anonim hale getirilmektedir<\/strong>.<\/p>\n\n<p style=\"text-align: left;\"><strong>6. KRED\u0130 KARTI VE \u00d6DEME G\u00dcVENL\u0130\u011e\u0130<\/strong><\/p>\n\n<p style=\"text-align: left;\">Kredi kart\u0131 bilgileriniz Veri Sorumlusu taraf\u0131ndan <strong>kesinlikle saklanmaz<\/strong>.<\/p>\n\n<p style=\"text-align: left;\">\u00d6deme i\u015flemleri, <strong>PCI-DSS<\/strong> standartlar\u0131na uygun \u00f6deme altyap\u0131lar\u0131 arac\u0131l\u0131\u011f\u0131yla ve <strong>SSL (Secure<\/strong><\/p>\n\n<p style=\"text-align: left;\"><strong>Socket Layer)<\/strong> teknolojisi kullan\u0131larak ger\u00e7ekle\u015ftirilmektedir.<\/p>\n\n<p style=\"text-align: left;\">Veri Sorumlusu, kredi kart\u0131 bilgilerinize eri\u015femez ve bu bilgileri g\u00f6r\u00fcnt\u00fcleyemez.<\/p>\n\n<p style=\"text-align: left;\"><strong>7. \u00c7EREZLER (COOKIES)<\/strong><\/p>\n\n<p style=\"text-align: left;\">\u0130nternet sitesinde kullan\u0131c\u0131 deneyimini geli\u015ftirmek, site performans\u0131n\u0131 analiz etmek ve<\/p>\n\n<p style=\"text-align: left;\">hizmetlerin iyile\u015ftirilmesi amac\u0131yla \u00e7erezler kullan\u0131lmaktad\u0131r.<\/p>\n\n<p style=\"text-align: left;\">\u00c7erezlere ili\u015fkin detayl\u0131 bilgilere <strong>\u00c7erez Politikas\u0131<\/strong> \u00fczerinden ula\u015fabilir; taray\u0131c\u0131 ayarlar\u0131n\u0131z<\/p>\n\n<p style=\"text-align: left;\">arac\u0131l\u0131\u011f\u0131yla \u00e7erez tercihlerinizi y\u00f6netebilirsiniz.<\/p>\n\n<p style=\"text-align: left;\"><strong>8. \u00dc\u00c7\u00dcNC\u00dc TARAF WEB S\u0130TELER\u0130<\/strong><\/p>\n\n<p style=\"text-align: left;\">\u0130nternet sitesi, \u00fc\u00e7\u00fcnc\u00fc taraf web sitelerine y\u00f6nlendirme linkleri i\u00e7erebilir. Bu sitelerin gizlilik uygulamalar\u0131ndan <strong>Veri Sorumlusu sorumlu de\u011fildir<\/strong>.<\/p>\n\n<p style=\"text-align: left;\"><strong>9. K\u0130\u015e\u0130SEL VER\u0130 SAH\u0130B\u0130 OLARAK HAKLARINIZ<\/strong><\/p>\n\n<p style=\"text-align: left;\"><strong>(KVKK md.11)<\/strong><\/p>\n\n<p style=\"text-align: left;\">KVKK kapsam\u0131nda ki\u015fisel veri sahipleri olarak;<\/p>\n\n<p style=\"text-align: left;\">&#8211; Ki\u015fisel verilerinizin i\u015flenip i\u015flenmedi\u011fini \u00f6\u011frenme,<\/p>\n\n<p style=\"text-align: left;\">&#8211; \u0130\u015flenmi\u015fse buna ili\u015fkin bilgi talep etme,<\/p>\n<p style=\"text-align: left;\">&#8211; \u0130\u015flenme amac\u0131n\u0131 ve amaca uygun kullan\u0131l\u0131p kullan\u0131lmad\u0131\u011f\u0131n\u0131 \u00f6\u011frenme,<\/p>\n\n<p style=\"text-align: left;\">&#8211; Yanl\u0131\u015f veya eksik i\u015flenen ki\u015fisel verilerin d\u00fczeltilmesini isteme,<\/p>\n\n<p style=\"text-align: left;\">&#8211; Ki\u015fisel verilerinizin silinmesini veya yok edilmesini talep etme,<\/p>\n\n<p style=\"text-align: left;\">&#8211; Kanuna ayk\u0131r\u0131 i\u015flenme nedeniyle zarara u\u011framan\u0131z halinde zarar\u0131n giderilmesini talep etme,<\/p>\n\n<p style=\"text-align: left;\">&#8211; \u0130\u015flenen verilerin m\u00fcnhas\u0131ran otomatik sistemler vas\u0131tas\u0131yla analiz edilmesi sonucu aleyhinize bir sonucun ortaya \u00e7\u0131kmas\u0131na itiraz etme haklar\u0131na sahipsiniz.<\/p>\n\n<p style=\"text-align: left;\">Bu haklar\u0131n\u0131za ili\u015fkin taleplerinizi KVKK kapsam\u0131nda a\u015fa\u011f\u0131da belirtilen ileti\u015fim bilgileri arac\u0131l\u0131\u011f\u0131yla Veri Sorumlusu\u2019na iletebilirsiniz.<\/p>\n\n<p style=\"text-align: left;\"><strong>10. POL\u0130T\u0130KA DE\u011e\u0130\u015e\u0130KL\u0130KLER\u0130<\/strong><\/p>\n\n<p style=\"text-align: left;\"><strong>MEHMET DELEN<\/strong>, i\u015fbu Politikay\u0131 mevzuata uygun olarak diledi\u011fi zaman g\u00fcncelleyebilir.<\/p>\n\n<p style=\"text-align: left;\">G\u00fcncellemeler, internet sitesinde yay\u0131mland\u0131\u011f\u0131 tarihte y\u00fcr\u00fcrl\u00fc\u011fe girer.<\/p>\n\n<p style=\"text-align: left;\"><strong>11. \u0130LET\u0130\u015e\u0130M B\u0130LG\u0130LER\u0130<\/strong><\/p>\n\n<p style=\"text-align: left;\"><strong>Veri Sorumlusu:<\/strong><\/p>\n\n<p style=\"text-align: left;\"><strong>MEHMET DELEN<\/strong><\/p>\n\n<p style=\"text-align: left;\"><strong>Adres:<\/strong><\/p>\n\n<p style=\"text-align: left;\">Erenk\u00f6y Mah. Hamam Sok. Bur\u00e7 Apartman\u0131 No:31 \u0130\u00e7 Kap\u0131 No:23 Kad\u0131k\u00f6y \/ \u0130stanbul<\/p>\n\n<p style=\"text-align: left;\"><strong>E-posta: <\/strong><a href=\"mailto:hey@korellofficial.com\"><strong>hey@korellofficial.com<\/strong><\/a><\/p>\n\t\t\t\t\t\t\t\t<\/div>\n\t\t\t\t\t<\/div>\n\t\t\t\t<\/div>\n\t\t\t\t<\/div>\n\t\t","protected":false},"excerpt":{"rendered":"<p>PRIVACY AND PERSONAL DATA PROTECTION POLICY Effective Date: June 1, 2025 This Privacy and Personal Data Protection Policy (\u201cPolicy\u201d) has been prepared by MEHMET DELEN (\u201cData Controller\u201d), located at Erenk\u00f6y Mah. Hamam Sok. Bur\u00e7 Apartman\u0131 No:31 \u0130\u00e7 Kap\u0131 No:23 Kad\u0131k\u00f6y \/ \u0130stanbul, for the website and all digital platforms operated by him. This Policy is [&hellip;]<\/p>\n","protected":false},"author":1,"featured_media":0,"parent":0,"menu_order":0,"comment_status":"closed","ping_status":"closed","template":"","meta":{"footnotes":""},"class_list":["post-22348","page","type-page","status-publish","hentry"],"_links":{"self":[{"href":"https:\/\/korellofficial.com\/en\/wp-json\/wp\/v2\/pages\/22348","targetHints":{"allow":["GET"]}}],"collection":[{"href":"https:\/\/korellofficial.com\/en\/wp-json\/wp\/v2\/pages"}],"about":[{"href":"https:\/\/korellofficial.com\/en\/wp-json\/wp\/v2\/types\/page"}],"author":[{"embeddable":true,"href":"https:\/\/korellofficial.com\/en\/wp-json\/wp\/v2\/users\/1"}],"replies":[{"embeddable":true,"href":"https:\/\/korellofficial.com\/en\/wp-json\/wp\/v2\/comments?post=22348"}],"version-history":[{"count":1,"href":"https:\/\/korellofficial.com\/en\/wp-json\/wp\/v2\/pages\/22348\/revisions"}],"predecessor-version":[{"id":22350,"href":"https:\/\/korellofficial.com\/en\/wp-json\/wp\/v2\/pages\/22348\/revisions\/22350"}],"wp:attachment":[{"href":"https:\/\/korellofficial.com\/en\/wp-json\/wp\/v2\/media?parent=22348"}],"curies":[{"name":"wp","href":"https:\/\/api.w.org\/{rel}","templated":true}]}}