{"id":22175,"date":"2023-09-20T17:52:10","date_gmt":"2023-09-20T14:52:10","guid":{"rendered":"https:\/\/korellofficial.com\/iletisim\/"},"modified":"2025-12-20T01:40:53","modified_gmt":"2025-12-19T22:40:53","slug":"iletisim","status":"publish","type":"page","link":"https:\/\/korellofficial.com\/en\/iletisim\/","title":{"rendered":"\u0130leti\u015fim"},"content":{"rendered":"\t\t<div data-elementor-type=\"wp-page\" data-elementor-id=\"22175\" class=\"elementor elementor-22175\">\n\t\t\t\t<div class=\"elementor-element elementor-element-f400f27 e-flex e-con-boxed e-con e-parent\" data-id=\"f400f27\" data-element_type=\"container\" data-e-type=\"container\">\n\t\t\t\t\t<div class=\"e-con-inner\">\n\t\t\t\t<div class=\"elementor-element elementor-element-903e575 elementor-widget-mobile__width-initial elementor-widget elementor-widget-heading\" data-id=\"903e575\" data-element_type=\"widget\" data-e-type=\"widget\" data-widget_type=\"heading.default\">\n\t\t\t\t\t<h3 class=\"elementor-heading-title elementor-size-default\">Sorular\u0131n\u0131z m\u0131 var?<\/h3>\t\t\t\t<\/div>\n\t\t\t\t<div class=\"elementor-element elementor-element-701c562 elementor-widget elementor-widget-heading\" data-id=\"701c562\" data-element_type=\"widget\" data-e-type=\"widget\" data-widget_type=\"heading.default\">\n\t\t\t\t\t<div class=\"elementor-heading-title elementor-size-default\">7 g\u00fcn 24 saat hizmetinizdeyiz!<\/div>\t\t\t\t<\/div>\n\t\t\t\t\t<\/div>\n\t\t\t\t<\/div>\n\t\t<div class=\"elementor-element elementor-element-7c82164 e-flex e-con-boxed e-con e-parent\" data-id=\"7c82164\" data-element_type=\"container\" data-e-type=\"container\">\n\t\t\t\t\t<div class=\"e-con-inner\">\n\t\t<div class=\"elementor-element elementor-element-c805c73 e-con-full e-flex e-con e-child\" data-id=\"c805c73\" data-element_type=\"container\" data-e-type=\"container\">\n\t\t\t\t<div class=\"elementor-element elementor-element-dae664d elementor-view-default elementor-widget elementor-widget-icon\" data-id=\"dae664d\" data-element_type=\"widget\" data-e-type=\"widget\" data-widget_type=\"icon.default\">\n\t\t\t\t\t\t\t<div class=\"elementor-icon-wrapper\">\n\t\t\t<div class=\"elementor-icon\">\n\t\t\t<i aria-hidden=\"true\" class=\"icomoon icomoon-phone-2\"><\/i>\t\t\t<\/div>\n\t\t<\/div>\n\t\t\t\t\t\t<\/div>\n\t\t\t\t<div class=\"elementor-element elementor-element-ebdd95f elementor-widget elementor-widget-heading\" data-id=\"ebdd95f\" data-element_type=\"widget\" data-e-type=\"widget\" data-widget_type=\"heading.default\">\n\t\t\t\t\t<h4 class=\"elementor-heading-title elementor-size-default\">Bizi aray\u0131n<\/h4>\t\t\t\t<\/div>\n\t\t\t\t<div class=\"elementor-element elementor-element-dde3a9d elementor-widget elementor-widget-heading\" data-id=\"dde3a9d\" data-element_type=\"widget\" data-e-type=\"widget\" data-widget_type=\"heading.default\">\n\t\t\t\t\t<h3 class=\"elementor-heading-title elementor-size-default\">+90 536 854 40 44<\/h3>\t\t\t\t<\/div>\n\t\t\t\t<div class=\"elementor-element elementor-element-d8b9add elementor-widget elementor-widget-text-editor\" data-id=\"d8b9add\" data-element_type=\"widget\" data-e-type=\"widget\" data-widget_type=\"text-editor.default\">\n\t\t\t\t\t\t\t\t\t<p>Pazartesi \u2013 Cuma: 9:00 \u2013 18:00<br \/>Cumartesi: 11:00 \u2013 15:00<\/p>\t\t\t\t\t\t\t\t<\/div>\n\t\t\t\t<\/div>\n\t\t<div class=\"elementor-element elementor-element-fb8a160 e-con-full e-flex e-con e-child\" data-id=\"fb8a160\" data-element_type=\"container\" data-e-type=\"container\">\n\t\t\t\t<div class=\"elementor-element elementor-element-700ac35 elementor-view-default elementor-widget elementor-widget-icon\" data-id=\"700ac35\" data-element_type=\"widget\" data-e-type=\"widget\" data-widget_type=\"icon.default\">\n\t\t\t\t\t\t\t<div class=\"elementor-icon-wrapper\">\n\t\t\t<div class=\"elementor-icon\">\n\t\t\t<i aria-hidden=\"true\" class=\"icomoon icomoon-email-2\"><\/i>\t\t\t<\/div>\n\t\t<\/div>\n\t\t\t\t\t\t<\/div>\n\t\t\t\t<div class=\"elementor-element elementor-element-cd3cd48 elementor-widget elementor-widget-heading\" data-id=\"cd3cd48\" data-element_type=\"widget\" data-e-type=\"widget\" data-widget_type=\"heading.default\">\n\t\t\t\t\t<h4 class=\"elementor-heading-title elementor-size-default\">Mail g\u00f6nder<\/h4>\t\t\t\t<\/div>\n\t\t\t\t<div class=\"elementor-element elementor-element-7e8aad8 elementor-widget elementor-widget-heading\" data-id=\"7e8aad8\" data-element_type=\"widget\" data-e-type=\"widget\" data-widget_type=\"heading.default\">\n\t\t\t\t\t<div class=\"elementor-heading-title elementor-size-default\">hey@korellofficial.com<\/div>\t\t\t\t<\/div>\n\t\t\t\t<\/div>\n\t\t<div class=\"elementor-element elementor-element-8e72055 e-con-full e-flex e-con e-child\" data-id=\"8e72055\" data-element_type=\"container\" data-e-type=\"container\">\n\t\t\t\t<div class=\"elementor-element elementor-element-a1f30dd elementor-view-default elementor-widget elementor-widget-icon\" data-id=\"a1f30dd\" data-element_type=\"widget\" data-e-type=\"widget\" data-widget_type=\"icon.default\">\n\t\t\t\t\t\t\t<div class=\"elementor-icon-wrapper\">\n\t\t\t<div class=\"elementor-icon\">\n\t\t\t<i aria-hidden=\"true\" class=\"icomoon icomoon-location\"><\/i>\t\t\t<\/div>\n\t\t<\/div>\n\t\t\t\t\t\t<\/div>\n\t\t\t\t<div class=\"elementor-element elementor-element-f792afb elementor-widget elementor-widget-heading\" data-id=\"f792afb\" data-element_type=\"widget\" data-e-type=\"widget\" data-widget_type=\"heading.default\">\n\t\t\t\t\t<h4 class=\"elementor-heading-title elementor-size-default\">Adresimiz<\/h4>\t\t\t\t<\/div>\n\t\t\t\t<div class=\"elementor-element elementor-element-1a01929 elementor-widget__width-initial elementor-widget elementor-widget-text-editor\" data-id=\"1a01929\" data-element_type=\"widget\" data-e-type=\"widget\" data-widget_type=\"text-editor.default\">\n\t\t\t\t\t\t\t\t\t<p>ERENK\u00d6Y MAH. HAMAM SK. BUR\u00c7 APT NO: 31 I\u00c7 KAPI NO: 23 KADIK\u00d6Y\/ ISTANBUL<\/p>\t\t\t\t\t\t\t\t<\/div>\n\t\t\t\t<\/div>\n\t\t\t\t\t<\/div>\n\t\t\t\t<\/div>\n\t\t<div class=\"elementor-element elementor-element-c8a991f e-flex e-con-boxed e-con e-parent\" data-id=\"c8a991f\" data-element_type=\"container\" data-e-type=\"container\">\n\t\t\t\t\t<div class=\"e-con-inner\">\n\t\t\t\t<div class=\"elementor-element elementor-element-de194e9 elementor-widget elementor-widget-google_maps\" data-id=\"de194e9\" data-element_type=\"widget\" data-e-type=\"widget\" data-widget_type=\"google_maps.default\">\n\t\t\t\t\t\t\t<div class=\"elementor-custom-embed\">\n\t\t\t<iframe loading=\"lazy\"\n\t\t\t\t\tsrc=\"https:\/\/maps.google.com\/maps?q=ERENK%C3%96Y%20MAH.%20HAMAM%20SK.%20BUR%C3%87%20APT%20KADIK%C3%96Y%2F%20ISTANBUL&#038;t=m&#038;z=16&#038;output=embed&#038;iwloc=near\"\n\t\t\t\t\ttitle=\"ERENK\u00d6Y MAH. HAMAM SK. BUR\u00c7 APT KADIK\u00d6Y\/ ISTANBUL\"\n\t\t\t\t\taria-label=\"ERENK\u00d6Y MAH. HAMAM SK. BUR\u00c7 APT KADIK\u00d6Y\/ ISTANBUL\"\n\t\t\t><\/iframe>\n\t\t<\/div>\n\t\t\t\t\t\t<\/div>\n\t\t\t\t\t<\/div>\n\t\t\t\t<\/div>\n\t\t<div class=\"elementor-element elementor-element-44ae926 e-con-full e-flex e-con e-parent\" data-id=\"44ae926\" data-element_type=\"container\" data-e-type=\"container\">\n\t\t\t\t<div class=\"elementor-element elementor-element-f111b0d elementor-widget-divider--view-line elementor-widget elementor-widget-divider\" data-id=\"f111b0d\" data-element_type=\"widget\" data-e-type=\"widget\" data-widget_type=\"divider.default\">\n\t\t\t\t\t\t\t<div class=\"elementor-divider\">\n\t\t\t<span class=\"elementor-divider-separator\">\n\t\t\t\t\t\t<\/span>\n\t\t<\/div>\n\t\t\t\t\t\t<\/div>\n\t\t\t\t<\/div>\n\t\t<div class=\"elementor-element elementor-element-0732924 e-flex e-con-boxed e-con e-parent\" data-id=\"0732924\" data-element_type=\"container\" data-e-type=\"container\">\n\t\t\t\t\t<div class=\"e-con-inner\">\n\t\t\t\t<div class=\"elementor-element elementor-element-58f2d11 elementor-widget elementor-widget-heading\" data-id=\"58f2d11\" data-element_type=\"widget\" data-e-type=\"widget\" data-widget_type=\"heading.default\">\n\t\t\t\t\t<h3 class=\"elementor-heading-title elementor-size-default\">Herhangi bir sorunuz varsa formu doldurun.<\/h3>\t\t\t\t<\/div>\n\t\t\t\t<div class=\"elementor-element elementor-element-d469051 elementor-widget elementor-widget-shortcode\" data-id=\"d469051\" data-element_type=\"widget\" data-e-type=\"widget\" data-widget_type=\"shortcode.default\">\n\t\t\t\t\t\t\t<div class=\"elementor-shortcode\"><p class=\"wpcf7-contact-form-not-found\"><strong>Error:<\/strong> Contact form not found.<\/p><\/div>\n\t\t\t\t\t\t<\/div>\n\t\t\t\t\t<\/div>\n\t\t\t\t<\/div>\n\t\t\t\t<\/div>\n\t\t","protected":false},"excerpt":{"rendered":"<p>cDo you have any questions? 7 We are at your service 24 hours a day! Please call us +90 536 854 40 44 Pazartesi \u2013 Cuma: 9:00 \u2013 18:00Saturday: 11:00 \u2013 15:00 Send mail hey@korellofficial.com Our address ERENK\u00d6Y MAH. HAMAM SK. BUR\u00c7 APT NO: 31 I\u00c7 KAPI NO: 23 KADIK\u00d6Y\/ ISTANBUL If you have any [&hellip;]<\/p>\n","protected":false},"author":1,"featured_media":0,"parent":0,"menu_order":0,"comment_status":"closed","ping_status":"closed","template":"","meta":{"footnotes":""},"class_list":["post-22175","page","type-page","status-publish","hentry"],"_links":{"self":[{"href":"https:\/\/korellofficial.com\/en\/wp-json\/wp\/v2\/pages\/22175","targetHints":{"allow":["GET"]}}],"collection":[{"href":"https:\/\/korellofficial.com\/en\/wp-json\/wp\/v2\/pages"}],"about":[{"href":"https:\/\/korellofficial.com\/en\/wp-json\/wp\/v2\/types\/page"}],"author":[{"embeddable":true,"href":"https:\/\/korellofficial.com\/en\/wp-json\/wp\/v2\/users\/1"}],"replies":[{"embeddable":true,"href":"https:\/\/korellofficial.com\/en\/wp-json\/wp\/v2\/comments?post=22175"}],"version-history":[{"count":1,"href":"https:\/\/korellofficial.com\/en\/wp-json\/wp\/v2\/pages\/22175\/revisions"}],"predecessor-version":[{"id":22176,"href":"https:\/\/korellofficial.com\/en\/wp-json\/wp\/v2\/pages\/22175\/revisions\/22176"}],"wp:attachment":[{"href":"https:\/\/korellofficial.com\/en\/wp-json\/wp\/v2\/media?parent=22175"}],"curies":[{"name":"wp","href":"https:\/\/api.w.org\/{rel}","templated":true}]}}